{"id":154,"date":"2025-04-21T16:07:07","date_gmt":"2025-04-21T16:07:07","guid":{"rendered":"https:\/\/sanwater.zaki-dz.com\/?page_id=154"},"modified":"2025-10-19T15:05:55","modified_gmt":"2025-10-19T15:05:55","slug":"carriere-de-eco-chauffe","status":"publish","type":"page","link":"https:\/\/eco-chauffe.com\/ar\/carriere-de-eco-chauffe\/","title":{"rendered":"\u0627\u0644\u0645\u0633\u064a\u0631\u0629 \u0627\u0644\u0645\u0647\u0646\u064a\u0629 \u0644\u0625\u0643\u0648 \u0634\u0648\u0641"},"content":{"rendered":"<div data-elementor-type=\"wp-page\" data-elementor-id=\"154\" class=\"elementor elementor-154\">\n\t\t\t\t<div class=\"elementor-element elementor-element-cc4c2ca e-con-full e-flex wpr-particle-no wpr-jarallax-no wpr-parallax-no wpr-sticky-section-no wpr-equal-height-no e-con e-child\" data-id=\"cc4c2ca\" data-element_type=\"container\" data-e-type=\"container\">\n\t\t\t\t<div class=\"elementor-element elementor-element-768601d elementor-widget elementor-widget-heading\" data-id=\"768601d\" data-element_type=\"widget\" data-e-type=\"widget\" data-widget_type=\"heading.default\">\n\t\t\t\t<div class=\"elementor-widget-container\">\n\t\t\t\t\t<h1 class=\"elementor-heading-title elementor-size-default\">\u0627\u0644\u0645\u0633\u064a\u0631\u0629 \u0627\u0644\u0645\u0647\u0646\u064a\u0629 \u0644\u0625\u0643\u0648 \u0634\u0648\u0641<\/h1>\t\t\t\t<\/div>\n\t\t\t\t<\/div>\n\t\t\t\t<div class=\"elementor-element elementor-element-503c460 elementor-widget elementor-widget-image\" data-id=\"503c460\" data-element_type=\"widget\" data-e-type=\"widget\" data-widget_type=\"image.default\">\n\t\t\t\t<div class=\"elementor-widget-container\">\n\t\t\t\t\t\t\t\t\t\t\t\t\t\t\t<img fetchpriority=\"high\" decoding=\"async\" width=\"737\" height=\"566\" src=\"https:\/\/eco-chauffe.com\/wp-content\/uploads\/2025\/10\/robinetterie.jpg\" class=\"attachment-large size-large wp-image-1299\" alt=\"Carri\u00e8re de eco chauffe\" srcset=\"https:\/\/eco-chauffe.com\/wp-content\/uploads\/2025\/10\/robinetterie.jpg 737w, https:\/\/eco-chauffe.com\/wp-content\/uploads\/2025\/10\/robinetterie-300x230.jpg 300w, https:\/\/eco-chauffe.com\/wp-content\/uploads\/2025\/10\/robinetterie-16x12.jpg 16w, https:\/\/eco-chauffe.com\/wp-content\/uploads\/2025\/10\/robinetterie-600x461.jpg 600w\" sizes=\"(max-width: 737px) 100vw, 737px\" \/>\t\t\t\t\t\t\t\t\t\t\t\t\t\t\t<\/div>\n\t\t\t\t<\/div>\n\t\t\t\t<div class=\"elementor-element elementor-element-15f0f31 elementor-widget elementor-widget-text-editor\" data-id=\"15f0f31\" data-element_type=\"widget\" data-e-type=\"widget\" data-widget_type=\"text-editor.default\">\n\t\t\t\t<div class=\"elementor-widget-container\">\n\t\t\t\t\t\t\t\t\t<p>\u062a\u0623\u0633\u0633\u062a \u0634\u0631\u0643\u062a\u0646\u0627 \u0641\u064a \u0639\u0627\u0645 2011\u060c \u0648\u0631\u0633\u062e\u062a \u0645\u0643\u0627\u0646\u062a\u0647\u0627 \u0643\u0644\u0627\u0639\u0628 \u0645\u0648\u062b\u0648\u0642 \u0628\u0647 \u0641\u064a \u0642\u0637\u0627\u0639 \u0627\u0644\u062a\u062f\u0641\u0626\u0629 \u0648\u0627\u0644\u0635\u0631\u0641 \u0627\u0644\u0635\u062d\u064a.<br \/>\u0645\u062a\u062e\u0635\u0635\u0629 \u0641\u064a \u0628\u064a\u0639 \u0633\u062e\u0627\u0646\u0627\u062a \u0627\u0644\u0645\u064a\u0627\u0647 \u0648\u0627\u0644\u063a\u0644\u0627\u064a\u0627\u062a \u0648\u0645\u0633\u062a\u0644\u0632\u0645\u0627\u062a \u0627\u0644\u062d\u0645\u0627\u0645\u0627\u062a\u060c \u0648\u0647\u064a \u062a\u0642\u062f\u0645 \u0644\u0639\u0645\u0644\u0627\u0626\u0647\u0627 \u0645\u0646\u062a\u062c\u0627\u062a \u0645\u0648\u062b\u0648\u0642\u0629 \u0648\u0639\u0627\u0644\u064a\u0629 \u0627\u0644\u0623\u062f\u0627\u0621 \u062a\u0644\u0628\u064a \u0623\u0639\u0644\u0649 \u0645\u0639\u0627\u064a\u064a\u0631 \u0627\u0644\u062c\u0648\u062f\u0629.<\/p><p>\u0628\u0641\u0636\u0644 \u062e\u0628\u0631\u062a\u0646\u0627 \u0627\u0644\u0645\u0645\u062a\u062f\u0629 \u0644\u0623\u0643\u062b\u0631 \u0645\u0646 \u0639\u0642\u062f \u0645\u0646 \u0627\u0644\u0632\u0645\u0627\u0646\u060c \u0627\u0643\u062a\u0633\u0628\u062a \u0634\u0631\u0643\u062a\u0646\u0627 \u062e\u0628\u0631\u0629 \u0645\u0639\u062a\u0631\u0641 \u0628\u0647\u0627 \u0648\u062e\u062f\u0645\u0629 \u0639\u0645\u0644\u0627\u0621 \u0645\u062a\u0645\u064a\u0632\u0629\u060c \u062a\u0644\u0628\u064a \u0627\u062d\u062a\u064a\u0627\u062c\u0627\u062a \u0627\u0644\u0623\u0641\u0631\u0627\u062f \u0648\u0627\u0644\u0645\u062d\u062a\u0631\u0641\u064a\u0646 \u0639\u0644\u0649 \u062d\u062f \u0633\u0648\u0627\u0621.<br \/>\u0648\u0627\u0644\u064a\u0648\u0645\u060c \u0646\u0648\u0627\u0635\u0644 \u0627\u0644\u062a\u0632\u0627\u0645\u0646\u0627 \u0628\u062a\u0642\u062f\u064a\u0645 \u062d\u0644\u0648\u0644 \u0645\u0628\u062a\u0643\u0631\u0629 \u0648\u0645\u0633\u062a\u062f\u0627\u0645\u0629 \u0644\u0644\u0631\u0627\u062d\u0629 \u0627\u0644\u062d\u0631\u0627\u0631\u064a\u0629 \u0648\u0627\u0644\u0635\u062d\u064a\u0629 \u0644\u0639\u0645\u0644\u0627\u0626\u0646\u0627.<\/p>\t\t\t\t\t\t\t\t<\/div>\n\t\t\t\t<\/div>\n\t\t\t\t<\/div>\n\t\t\t\t<\/div>","protected":false},"excerpt":{"rendered":"<p>Carri\u00e8re de eco chauffe Cr\u00e9\u00e9e en 2011, notre entreprise s\u2019est impos\u00e9e comme un acteur de confiance dans le domaine du chauffage et du sanitaire.Sp\u00e9cialis\u00e9e dans la vente de chauffe-eau, de chaudi\u00e8res et d\u2019accessoires pour la salle de bain, elle met \u00e0 la disposition de ses clients des produits fiables, performants et conformes aux normes de qualit\u00e9 les plus exigeantes. Forte d\u2019une exp\u00e9rience de plus d\u2019une d\u00e9cennie, notre soci\u00e9t\u00e9 a su d\u00e9velopper un savoir-faire reconnu et un service client attentif, r\u00e9pondant aux besoins des particuliers comme des professionnels.Aujourd\u2019hui, nous poursuivons notre engagement \u00e0 offrir des solutions innovantes et durables pour le confort thermique et sanitaire de nos clients.<\/p>","protected":false},"author":1,"featured_media":0,"parent":0,"menu_order":0,"comment_status":"closed","ping_status":"closed","template":"","meta":{"footnotes":""},"class_list":["post-154","page","type-page","status-publish","hentry","entry","owp-thumbs-layout-horizontal","owp-btn-normal","owp-tabs-layout-horizontal","has-no-thumbnails"],"yoast_head":"<!-- This site is optimized with the Yoast SEO plugin v27.4 - https:\/\/yoast.com\/product\/yoast-seo-wordpress\/ -->\n<title>Carri\u00e8re de eco chauffe<\/title>\n<meta name=\"description\" content=\"Carri\u00e8re de eco chauffe, Cr\u00e9\u00e9e en 2011, notre entreprise s\u2019est impos\u00e9e comme un acteur de confiance dans le domaine du chauffage.\" \/>\n<meta name=\"robots\" content=\"index, follow, max-snippet:-1, max-image-preview:large, max-video-preview:-1\" \/>\n<link rel=\"canonical\" href=\"https:\/\/eco-chauffe.com\/ar\/carriere-de-eco-chauffe\/\" \/>\n<meta property=\"og:locale\" content=\"ar_AR\" \/>\n<meta property=\"og:type\" content=\"article\" \/>\n<meta property=\"og:title\" content=\"Carri\u00e8re de eco chauffe\" \/>\n<meta property=\"og:description\" content=\"Carri\u00e8re de eco chauffe, Cr\u00e9\u00e9e en 2011, notre entreprise s\u2019est impos\u00e9e comme un acteur de confiance dans le domaine du chauffage.\" \/>\n<meta property=\"og:url\" content=\"https:\/\/eco-chauffe.com\/ar\/carriere-de-eco-chauffe\/\" \/>\n<meta property=\"og:site_name\" content=\"Eco Chauffe\" \/>\n<meta property=\"article:publisher\" content=\"https:\/\/www.facebook.com\/share\/1EoEnw122b\" \/>\n<meta property=\"article:modified_time\" content=\"2025-10-19T15:05:55+00:00\" \/>\n<meta property=\"og:image\" content=\"https:\/\/eco-chauffe.com\/wp-content\/uploads\/2025\/10\/robinetterie.jpg\" \/>\n<meta name=\"twitter:card\" content=\"summary_large_image\" \/>\n<script type=\"application\/ld+json\" class=\"yoast-schema-graph\">{\"@context\":\"https:\\\/\\\/schema.org\",\"@graph\":[{\"@type\":\"WebPage\",\"@id\":\"https:\\\/\\\/eco-chauffe.com\\\/carriere-de-eco-chauffe\\\/\",\"url\":\"https:\\\/\\\/eco-chauffe.com\\\/carriere-de-eco-chauffe\\\/\",\"name\":\"Carri\u00e8re de eco chauffe\",\"isPartOf\":{\"@id\":\"https:\\\/\\\/eco-chauffe.com\\\/ar\\\/#website\"},\"primaryImageOfPage\":{\"@id\":\"https:\\\/\\\/eco-chauffe.com\\\/carriere-de-eco-chauffe\\\/#primaryimage\"},\"image\":{\"@id\":\"https:\\\/\\\/eco-chauffe.com\\\/carriere-de-eco-chauffe\\\/#primaryimage\"},\"thumbnailUrl\":\"https:\\\/\\\/eco-chauffe.com\\\/wp-content\\\/uploads\\\/2025\\\/10\\\/robinetterie.jpg\",\"datePublished\":\"2025-04-21T16:07:07+00:00\",\"dateModified\":\"2025-10-19T15:05:55+00:00\",\"description\":\"Carri\u00e8re de eco chauffe, Cr\u00e9\u00e9e en 2011, notre entreprise s\u2019est impos\u00e9e comme un acteur de confiance dans le domaine du chauffage.\",\"breadcrumb\":{\"@id\":\"https:\\\/\\\/eco-chauffe.com\\\/carriere-de-eco-chauffe\\\/#breadcrumb\"},\"inLanguage\":\"ar\",\"potentialAction\":[{\"@type\":\"ReadAction\",\"target\":[\"https:\\\/\\\/eco-chauffe.com\\\/carriere-de-eco-chauffe\\\/\"]}]},{\"@type\":\"ImageObject\",\"inLanguage\":\"ar\",\"@id\":\"https:\\\/\\\/eco-chauffe.com\\\/carriere-de-eco-chauffe\\\/#primaryimage\",\"url\":\"https:\\\/\\\/eco-chauffe.com\\\/wp-content\\\/uploads\\\/2025\\\/10\\\/robinetterie.jpg\",\"contentUrl\":\"https:\\\/\\\/eco-chauffe.com\\\/wp-content\\\/uploads\\\/2025\\\/10\\\/robinetterie.jpg\"},{\"@type\":\"BreadcrumbList\",\"@id\":\"https:\\\/\\\/eco-chauffe.com\\\/carriere-de-eco-chauffe\\\/#breadcrumb\",\"itemListElement\":[{\"@type\":\"ListItem\",\"position\":1,\"name\":\"Home\",\"item\":\"https:\\\/\\\/eco-chauffe.com\\\/\"},{\"@type\":\"ListItem\",\"position\":2,\"name\":\"Carri\u00e8re de eco chauffe\"}]},{\"@type\":\"WebSite\",\"@id\":\"https:\\\/\\\/eco-chauffe.com\\\/ar\\\/#website\",\"url\":\"https:\\\/\\\/eco-chauffe.com\\\/ar\\\/\",\"name\":\"Eco Chauffe\",\"description\":\"\",\"publisher\":{\"@id\":\"https:\\\/\\\/eco-chauffe.com\\\/ar\\\/#organization\"},\"potentialAction\":[{\"@type\":\"SearchAction\",\"target\":{\"@type\":\"EntryPoint\",\"urlTemplate\":\"https:\\\/\\\/eco-chauffe.com\\\/ar\\\/?s={search_term_string}\"},\"query-input\":{\"@type\":\"PropertyValueSpecification\",\"valueRequired\":true,\"valueName\":\"search_term_string\"}}],\"inLanguage\":\"ar\"},{\"@type\":\"Organization\",\"@id\":\"https:\\\/\\\/eco-chauffe.com\\\/ar\\\/#organization\",\"name\":\"Eco Chauffe\",\"url\":\"https:\\\/\\\/eco-chauffe.com\\\/ar\\\/\",\"logo\":{\"@type\":\"ImageObject\",\"inLanguage\":\"ar\",\"@id\":\"https:\\\/\\\/eco-chauffe.com\\\/ar\\\/#\\\/schema\\\/logo\\\/image\\\/\",\"url\":\"https:\\\/\\\/eco-chauffe.com\\\/wp-content\\\/uploads\\\/2025\\\/10\\\/Logo-eco-chauffe-scaled.jpg\",\"contentUrl\":\"https:\\\/\\\/eco-chauffe.com\\\/wp-content\\\/uploads\\\/2025\\\/10\\\/Logo-eco-chauffe-scaled.jpg\",\"width\":2560,\"height\":2560,\"caption\":\"Eco Chauffe\"},\"image\":{\"@id\":\"https:\\\/\\\/eco-chauffe.com\\\/ar\\\/#\\\/schema\\\/logo\\\/image\\\/\"},\"sameAs\":[\"https:\\\/\\\/www.facebook.com\\\/share\\\/1EoEnw122b\"]}]}<\/script>\n<!-- \/ Yoast SEO plugin. -->","yoast_head_json":{"title":"\u0627\u0644\u0645\u0633\u064a\u0631\u0629 \u0627\u0644\u0645\u0647\u0646\u064a\u0629 \u0644\u0625\u0643\u0648 \u0634\u0648\u0641","description":"Carri\u00e8re de eco chauffe, Cr\u00e9\u00e9e en 2011, notre entreprise s\u2019est impos\u00e9e comme un acteur de confiance dans le domaine du chauffage.","robots":{"index":"index","follow":"follow","max-snippet":"max-snippet:-1","max-image-preview":"max-image-preview:large","max-video-preview":"max-video-preview:-1"},"canonical":"https:\/\/eco-chauffe.com\/ar\/carriere-de-eco-chauffe\/","og_locale":"ar_AR","og_type":"article","og_title":"Carri\u00e8re de eco chauffe","og_description":"Carri\u00e8re de eco chauffe, Cr\u00e9\u00e9e en 2011, notre entreprise s\u2019est impos\u00e9e comme un acteur de confiance dans le domaine du chauffage.","og_url":"https:\/\/eco-chauffe.com\/ar\/carriere-de-eco-chauffe\/","og_site_name":"Eco Chauffe","article_publisher":"https:\/\/www.facebook.com\/share\/1EoEnw122b","article_modified_time":"2025-10-19T15:05:55+00:00","og_image":[{"url":"https:\/\/eco-chauffe.com\/wp-content\/uploads\/2025\/10\/robinetterie.jpg","type":"","width":"","height":""}],"twitter_card":"summary_large_image","schema":{"@context":"https:\/\/schema.org","@graph":[{"@type":"WebPage","@id":"https:\/\/eco-chauffe.com\/carriere-de-eco-chauffe\/","url":"https:\/\/eco-chauffe.com\/carriere-de-eco-chauffe\/","name":"\u0627\u0644\u0645\u0633\u064a\u0631\u0629 \u0627\u0644\u0645\u0647\u0646\u064a\u0629 \u0644\u0625\u0643\u0648 \u0634\u0648\u0641","isPartOf":{"@id":"https:\/\/eco-chauffe.com\/ar\/#website"},"primaryImageOfPage":{"@id":"https:\/\/eco-chauffe.com\/carriere-de-eco-chauffe\/#primaryimage"},"image":{"@id":"https:\/\/eco-chauffe.com\/carriere-de-eco-chauffe\/#primaryimage"},"thumbnailUrl":"https:\/\/eco-chauffe.com\/wp-content\/uploads\/2025\/10\/robinetterie.jpg","datePublished":"2025-04-21T16:07:07+00:00","dateModified":"2025-10-19T15:05:55+00:00","description":"Carri\u00e8re de eco chauffe, Cr\u00e9\u00e9e en 2011, notre entreprise s\u2019est impos\u00e9e comme un acteur de confiance dans le domaine du chauffage.","breadcrumb":{"@id":"https:\/\/eco-chauffe.com\/carriere-de-eco-chauffe\/#breadcrumb"},"inLanguage":"ar","potentialAction":[{"@type":"ReadAction","target":["https:\/\/eco-chauffe.com\/carriere-de-eco-chauffe\/"]}]},{"@type":"ImageObject","inLanguage":"ar","@id":"https:\/\/eco-chauffe.com\/carriere-de-eco-chauffe\/#primaryimage","url":"https:\/\/eco-chauffe.com\/wp-content\/uploads\/2025\/10\/robinetterie.jpg","contentUrl":"https:\/\/eco-chauffe.com\/wp-content\/uploads\/2025\/10\/robinetterie.jpg"},{"@type":"BreadcrumbList","@id":"https:\/\/eco-chauffe.com\/carriere-de-eco-chauffe\/#breadcrumb","itemListElement":[{"@type":"ListItem","position":1,"name":"Home","item":"https:\/\/eco-chauffe.com\/"},{"@type":"ListItem","position":2,"name":"Carri\u00e8re de eco chauffe"}]},{"@type":"WebSite","@id":"https:\/\/eco-chauffe.com\/ar\/#website","url":"https:\/\/eco-chauffe.com\/ar\/","name":"Eco Chauffe","description":"","publisher":{"@id":"https:\/\/eco-chauffe.com\/ar\/#organization"},"potentialAction":[{"@type":"SearchAction","target":{"@type":"EntryPoint","urlTemplate":"https:\/\/eco-chauffe.com\/ar\/?s={search_term_string}"},"query-input":{"@type":"PropertyValueSpecification","valueRequired":true,"valueName":"search_term_string"}}],"inLanguage":"ar"},{"@type":"Organization","@id":"https:\/\/eco-chauffe.com\/ar\/#organization","name":"Eco Chauffe","url":"https:\/\/eco-chauffe.com\/ar\/","logo":{"@type":"ImageObject","inLanguage":"ar","@id":"https:\/\/eco-chauffe.com\/ar\/#\/schema\/logo\/image\/","url":"https:\/\/eco-chauffe.com\/wp-content\/uploads\/2025\/10\/Logo-eco-chauffe-scaled.jpg","contentUrl":"https:\/\/eco-chauffe.com\/wp-content\/uploads\/2025\/10\/Logo-eco-chauffe-scaled.jpg","width":2560,"height":2560,"caption":"Eco Chauffe"},"image":{"@id":"https:\/\/eco-chauffe.com\/ar\/#\/schema\/logo\/image\/"},"sameAs":["https:\/\/www.facebook.com\/share\/1EoEnw122b"]}]}},"_links":{"self":[{"href":"https:\/\/eco-chauffe.com\/ar\/wp-json\/wp\/v2\/pages\/154","targetHints":{"allow":["GET"]}}],"collection":[{"href":"https:\/\/eco-chauffe.com\/ar\/wp-json\/wp\/v2\/pages"}],"about":[{"href":"https:\/\/eco-chauffe.com\/ar\/wp-json\/wp\/v2\/types\/page"}],"author":[{"embeddable":true,"href":"https:\/\/eco-chauffe.com\/ar\/wp-json\/wp\/v2\/users\/1"}],"replies":[{"embeddable":true,"href":"https:\/\/eco-chauffe.com\/ar\/wp-json\/wp\/v2\/comments?post=154"}],"version-history":[{"count":78,"href":"https:\/\/eco-chauffe.com\/ar\/wp-json\/wp\/v2\/pages\/154\/revisions"}],"predecessor-version":[{"id":1432,"href":"https:\/\/eco-chauffe.com\/ar\/wp-json\/wp\/v2\/pages\/154\/revisions\/1432"}],"wp:attachment":[{"href":"https:\/\/eco-chauffe.com\/ar\/wp-json\/wp\/v2\/media?parent=154"}],"curies":[{"name":"wp","href":"https:\/\/api.w.org\/{rel}","templated":true}]}}