{"id":53,"date":"2025-04-21T12:49:55","date_gmt":"2025-04-21T12:49:55","guid":{"rendered":"https:\/\/sanwater.zaki-dz.com\/bathware\/"},"modified":"2025-10-19T15:06:35","modified_gmt":"2025-10-19T15:06:35","slug":"accueil","status":"publish","type":"page","link":"https:\/\/eco-chauffe.com\/ar\/","title":{"rendered":"\u0627\u0644\u0635\u0641\u062d\u0629 \u0627\u0644\u0631\u0626\u064a\u0633\u064a\u0629"},"content":{"rendered":"\t\t<div data-elementor-type=\"wp-page\" data-elementor-id=\"53\" class=\"elementor elementor-53\">\n\t\t\t\t<div class=\"elementor-element elementor-element-9b5904c e-con-full e-flex wpr-particle-no wpr-jarallax-no wpr-parallax-no wpr-sticky-section-no wpr-equal-height-no e-con e-parent\" data-id=\"9b5904c\" data-element_type=\"container\" data-e-type=\"container\" data-settings=\"{&quot;background_background&quot;:&quot;video&quot;,&quot;background_video_link&quot;:&quot;https:\\\/\\\/eco-chauffe.com\\\/wp-content\\\/uploads\\\/2025\\\/10\\\/Video-Homepage.mp4&quot;,&quot;background_video_start&quot;:0,&quot;background_video_end&quot;:70,&quot;background_play_on_mobile&quot;:&quot;yes&quot;}\">\n\t\t<div class=\"elementor-background-video-container\">\n\t\t\t\t\t\t\t<video class=\"elementor-background-video-hosted\" role=\"presentation\" autoplay muted playsinline loop><\/video>\n\t\t\t\t\t<\/div><div class=\"elementor-element elementor-element-1f53ab8 e-con-full e-flex wpr-particle-no wpr-jarallax-no wpr-parallax-no wpr-sticky-section-no wpr-equal-height-no e-con e-child\" data-id=\"1f53ab8\" data-element_type=\"container\" data-e-type=\"container\">\n\t\t<div class=\"elementor-element elementor-element-12624ed e-con-full e-flex wpr-particle-no wpr-jarallax-no wpr-parallax-no wpr-sticky-section-no wpr-equal-height-no e-con e-child\" data-id=\"12624ed\" data-element_type=\"container\" data-e-type=\"container\">\n\t\t\t\t<div class=\"elementor-element elementor-element-8ad21ec elementor-widget elementor-widget-image\" data-id=\"8ad21ec\" data-element_type=\"widget\" data-e-type=\"widget\" data-widget_type=\"image.default\">\n\t\t\t\t<div class=\"elementor-widget-container\">\n\t\t\t\t\t\t\t\t\t\t\t\t\t\t\t\t<a href=\"\/\">\n\t\t\t\t\t\t\t<img fetchpriority=\"high\" decoding=\"async\" width=\"500\" height=\"500\" src=\"https:\/\/eco-chauffe.com\/wp-content\/uploads\/2025\/10\/logo-white.png\" class=\"attachment-large size-large wp-image-1257\" alt=\"Eco Chauffe\" srcset=\"https:\/\/eco-chauffe.com\/wp-content\/uploads\/2025\/10\/logo-white.png 500w, https:\/\/eco-chauffe.com\/wp-content\/uploads\/2025\/10\/logo-white-300x300.png 300w, https:\/\/eco-chauffe.com\/wp-content\/uploads\/2025\/10\/logo-white-150x150.png 150w, https:\/\/eco-chauffe.com\/wp-content\/uploads\/2025\/10\/logo-white-12x12.png 12w, https:\/\/eco-chauffe.com\/wp-content\/uploads\/2025\/10\/logo-white-100x100.png 100w\" sizes=\"(max-width: 500px) 100vw, 500px\" \/>\t\t\t\t\t\t\t\t<\/a>\n\t\t\t\t\t\t\t\t\t\t\t\t\t\t\t<\/div>\n\t\t\t\t<\/div>\n\t\t\t\t<\/div>\n\t\t<div class=\"elementor-element elementor-element-d0b4efe e-con-full e-flex wpr-particle-no wpr-jarallax-no wpr-parallax-no wpr-sticky-section-no wpr-equal-height-no e-con e-child\" data-id=\"d0b4efe\" data-element_type=\"container\" data-e-type=\"container\">\n\t\t<div class=\"elementor-element elementor-element-e97d629 e-con-full e-flex wpr-particle-no wpr-jarallax-no wpr-parallax-no wpr-sticky-section-no wpr-equal-height-no e-con e-child\" data-id=\"e97d629\" data-element_type=\"container\" data-e-type=\"container\">\n\t\t\t\t<div class=\"elementor-element elementor-element-c68c0b6 elementor-widget elementor-widget-shortcode\" data-id=\"c68c0b6\" data-element_type=\"widget\" data-e-type=\"widget\" id=\"language_in_homepage\" data-widget_type=\"shortcode.default\">\n\t\t\t\t<div class=\"elementor-widget-container\">\n\t\t\t\t\t\t\t<div class=\"elementor-shortcode\"><div class=\"trp_language_switcher_shortcode\">\n<div class=\"trp-language-switcher trp-language-switcher-container\" data-no-translation >\n    <div class=\"trp-ls-shortcode-current-language\">\n        <a href=\"#\" class=\"trp-ls-shortcode-disabled-language trp-ls-disabled-language\" title=\"Arabic\" onclick=\"event.preventDefault()\">\n\t\t\t AR\t\t<\/a>\n    <\/div>\n    <div class=\"trp-ls-shortcode-language\">\n                <a href=\"#\" class=\"trp-ls-shortcode-disabled-language trp-ls-disabled-language\"  title=\"Arabic\" onclick=\"event.preventDefault()\">\n\t\t\t AR\t\t<\/a>\n                    <a href=\"https:\/\/eco-chauffe.com\/ar\/wp-json\/wp\/v2\/pages\/53#TRPLINKPROCESSED\" title=\"French\">\n             FR        <\/a>\n\n        <\/div>\n    <script type=\"application\/javascript\">\n        \/\/ need to have the same with set from JS on both divs. Otherwise it can push stuff around in HTML\n        var trp_ls_shortcodes = document.querySelectorAll('.trp_language_switcher_shortcode .trp-language-switcher');\n        if ( trp_ls_shortcodes.length > 0) {\n            \/\/ get the last language switcher added\n            var trp_el = trp_ls_shortcodes[trp_ls_shortcodes.length - 1];\n\n            var trp_shortcode_language_item = trp_el.querySelector( '.trp-ls-shortcode-language' )\n            \/\/ set width\n            var trp_ls_shortcode_width                                               = trp_shortcode_language_item.offsetWidth + 16;\n            trp_shortcode_language_item.style.width                                  = trp_ls_shortcode_width + 'px';\n            trp_el.querySelector( '.trp-ls-shortcode-current-language' ).style.width = trp_ls_shortcode_width + 'px';\n\n            \/\/ We're putting this on display: none after we have its width.\n            trp_shortcode_language_item.style.display = 'none';\n        }\n    <\/script>\n<\/div>\n<\/div><\/div>\n\t\t\t\t\t\t<\/div>\n\t\t\t\t<\/div>\n\t\t\t\t<\/div>\n\t\t<div class=\"elementor-element elementor-element-8914ff6 e-con-full e-flex wpr-particle-no wpr-jarallax-no wpr-parallax-no wpr-sticky-section-no wpr-equal-height-no e-con e-child\" data-id=\"8914ff6\" data-element_type=\"container\" data-e-type=\"container\">\n\t\t\t\t<div class=\"elementor-element elementor-element-6b04542 elementor-widget elementor-widget-elementskit-header-search\" data-id=\"6b04542\" data-element_type=\"widget\" data-e-type=\"widget\" data-widget_type=\"elementskit-header-search.default\">\n\t\t\t\t<div class=\"elementor-widget-container\">\n\t\t\t\t\t<div class=\"ekit-wid-con\" >        <a href=\"#ekit_modal-popup-6b04542\" class=\"ekit_navsearch-button ekit-modal-popup\" aria-label=\"navsearch-button\">\n            <i aria-hidden=\"true\" class=\"icon icon-search2\"><\/i>        <\/a>\n        <!-- language switcher strart -->\n        <!-- xs modal -->\n        <div class=\"zoom-anim-dialog mfp-hide ekit_modal-searchPanel\" id=\"ekit_modal-popup-6b04542\">\n            <div class=\"ekit-search-panel\">\n            <!-- Polylang search - thanks to Alain Melsens -->\n                <form role=\"search\" method=\"get\" class=\"ekit-search-group\" action=\"https:\/\/eco-chauffe.com\/\">\n                    <input type=\"search\" class=\"ekit_search-field\" aria-label=\"search-form\" placeholder=\"Search...\" value=\"\" name=\"s\">\n\t\t\t\t\t<button type=\"submit\" class=\"ekit_search-button\" aria-label=\"search-button\">\n                        <i aria-hidden=\"true\" class=\"icon icon-search2\"><\/i>                    <\/button>\n                <\/form>\n            <\/div>\n        <\/div><!-- End xs modal -->\n        <!-- end language switcher strart -->\n        <\/div>\t\t\t\t<\/div>\n\t\t\t\t<\/div>\n\t\t\t\t<\/div>\n\t\t\t\t<\/div>\n\t\t\t\t<\/div>\n\t\t<div class=\"elementor-element elementor-element-1cc22ab e-con-full e-flex wpr-particle-no wpr-jarallax-no wpr-parallax-no wpr-sticky-section-no wpr-equal-height-no e-con e-child\" data-id=\"1cc22ab\" data-element_type=\"container\" data-e-type=\"container\">\n\t\t\t\t<div class=\"elementor-element elementor-element-756d9ba elementor-invisible elementor-widget elementor-widget-heading\" data-id=\"756d9ba\" data-element_type=\"widget\" data-e-type=\"widget\" data-settings=\"{&quot;_animation&quot;:&quot;fadeIn&quot;,&quot;_animation_delay&quot;:100}\" data-widget_type=\"heading.default\">\n\t\t\t\t<div class=\"elementor-widget-container\">\n\t\t\t\t\t<h1 class=\"elementor-heading-title elementor-size-default\">BIENVENUE CHEZ ECO CHAUFFE<\/h1>\t\t\t\t<\/div>\n\t\t\t\t<\/div>\n\t\t\t\t<div class=\"elementor-element elementor-element-fd777c5 elementor-invisible elementor-widget elementor-widget-heading\" data-id=\"fd777c5\" data-element_type=\"widget\" data-e-type=\"widget\" data-settings=\"{&quot;_animation&quot;:&quot;fadeIn&quot;,&quot;_animation_delay&quot;:100}\" data-widget_type=\"heading.default\">\n\t\t\t\t<div class=\"elementor-widget-container\">\n\t\t\t\t\t<h3 class=\"elementor-heading-title elementor-size-default\">Une marque leader dans le domaine des solutions compl\u00e8tes de chauffage et l'activit\u00e9 de distribution d'\u00e9quipements thermiques.<\/h3>\t\t\t\t<\/div>\n\t\t\t\t<\/div>\n\t\t\t\t<\/div>\n\t\t<div class=\"elementor-element elementor-element-597108f e-con-full e-flex wpr-particle-no wpr-jarallax-no wpr-parallax-no wpr-sticky-section-no wpr-equal-height-no e-con e-child\" data-id=\"597108f\" data-element_type=\"container\" data-e-type=\"container\">\n\t\t\t\t<div class=\"elementor-element elementor-element-0d0ded7 elementor-widget-mobile__width-inherit wpr-button-icon-style-inline wpr-button-icon-position-right elementor-invisible elementor-widget elementor-widget-wpr-button\" data-id=\"0d0ded7\" data-element_type=\"widget\" data-e-type=\"widget\" data-settings=\"{&quot;_animation&quot;:&quot;fadeIn&quot;,&quot;_animation_delay&quot;:300}\" data-widget_type=\"wpr-button.default\">\n\t\t\t\t<div class=\"elementor-widget-container\">\n\t\t\t\t\t\t\n\t\t\t\n\t\t\n\t\t<div class=\"wpr-button-wrap elementor-clearfix\">\n\t\t<a class=\"wpr-button wpr-button-effect wpr-button-none\" data-text=\"\" href=\"\/carriere-de-eco-chauffe\">\n\t\t\t\n\t\t\t<span class=\"wpr-button-content\">\n\t\t\t\t\t\t\t\t\t<span class=\"wpr-button-text\">Carri\u00e8re de eco chauffe<\/span>\n\t\t\t\t\t\t\t\t\n\t\t\t\t\t\t\t<\/span>\n\t\t<\/a>\n\n\t\t\t\t<\/div>\n\t\n\t\n\t\t\t\t\t<\/div>\n\t\t\t\t<\/div>\n\t\t\t\t<div class=\"elementor-element elementor-element-0c2d4a8 elementor-widget-mobile__width-inherit wpr-button-icon-style-inline wpr-button-icon-position-right elementor-invisible elementor-widget elementor-widget-wpr-button\" data-id=\"0c2d4a8\" data-element_type=\"widget\" data-e-type=\"widget\" data-settings=\"{&quot;_animation&quot;:&quot;fadeIn&quot;,&quot;_animation_delay&quot;:300}\" data-widget_type=\"wpr-button.default\">\n\t\t\t\t<div class=\"elementor-widget-container\">\n\t\t\t\t\t\t\n\t\t\t\n\t\t\n\t\t<div class=\"wpr-button-wrap elementor-clearfix\">\n\t\t<a class=\"wpr-button wpr-button-effect wpr-button-none\" data-text=\"\" href=\"\/product-category\/produits\">\n\t\t\t\n\t\t\t<span class=\"wpr-button-content\">\n\t\t\t\t\t\t\t\t\t<span class=\"wpr-button-text\">Nos produits<\/span>\n\t\t\t\t\t\t\t\t\n\t\t\t\t\t\t\t<\/span>\n\t\t<\/a>\n\n\t\t\t\t<\/div>\n\t\n\t\n\t\t\t\t\t<\/div>\n\t\t\t\t<\/div>\n\t\t\t\t<div class=\"elementor-element elementor-element-7d0689e elementor-widget-mobile__width-inherit wpr-button-icon-style-inline wpr-button-icon-position-right elementor-invisible elementor-widget elementor-widget-wpr-button\" data-id=\"7d0689e\" data-element_type=\"widget\" data-e-type=\"widget\" data-settings=\"{&quot;_animation&quot;:&quot;fadeIn&quot;,&quot;_animation_delay&quot;:300}\" data-widget_type=\"wpr-button.default\">\n\t\t\t\t<div class=\"elementor-widget-container\">\n\t\t\t\t\t\t\n\t\t\t\n\t\t\n\t\t<div class=\"wpr-button-wrap elementor-clearfix\">\n\t\t<a class=\"wpr-button wpr-button-effect wpr-button-none\" data-text=\"\" href=\"\/eco-chauffe-sur-votre-marche\">\n\t\t\t\n\t\t\t<span class=\"wpr-button-content\">\n\t\t\t\t\t\t\t\t\t<span class=\"wpr-button-text\">Eco chauffe sur votre march\u00e9<\/span>\n\t\t\t\t\t\t\t\t\n\t\t\t\t\t\t\t<\/span>\n\t\t<\/a>\n\n\t\t\t\t<\/div>\n\t\n\t\n\t\t\t\t\t<\/div>\n\t\t\t\t<\/div>\n\t\t\t\t<\/div>\n\t\t<div class=\"elementor-element elementor-element-453bcf9 e-con-full e-flex wpr-particle-no wpr-jarallax-no wpr-parallax-no wpr-sticky-section-no wpr-equal-height-no e-con e-child\" data-id=\"453bcf9\" data-element_type=\"container\" data-e-type=\"container\">\n\t\t<div class=\"elementor-element elementor-element-67bc44d e-con-full e-flex wpr-particle-no wpr-jarallax-no wpr-parallax-no wpr-sticky-section-no wpr-equal-height-no e-con e-child\" data-id=\"67bc44d\" data-element_type=\"container\" data-e-type=\"container\">\n\t\t<div class=\"elementor-element elementor-element-f2e3bd1 e-con-full e-flex wpr-particle-no wpr-jarallax-no wpr-parallax-no wpr-sticky-section-no wpr-equal-height-no e-con e-child\" data-id=\"f2e3bd1\" data-element_type=\"container\" data-e-type=\"container\">\n\t\t\t\t<div class=\"elementor-element elementor-element-c18e025 e-grid-align-left elementor-widget-mobile__width-inherit elementor-shape-rounded elementor-grid-0 elementor-widget elementor-widget-social-icons\" data-id=\"c18e025\" data-element_type=\"widget\" data-e-type=\"widget\" data-widget_type=\"social-icons.default\">\n\t\t\t\t<div class=\"elementor-widget-container\">\n\t\t\t\t\t\t\t<div class=\"elementor-social-icons-wrapper elementor-grid\" role=\"list\">\n\t\t\t\t\t\t\t<span class=\"elementor-grid-item\" role=\"listitem\">\n\t\t\t\t\t<a class=\"elementor-icon elementor-social-icon elementor-social-icon-facebook elementor-animation-grow elementor-repeater-item-a67d54a\" href=\"https:\/\/www.facebook.com\/share\/1EoEnw122b\" target=\"_blank\">\n\t\t\t\t\t\t<span class=\"elementor-screen-only\">Facebook<\/span>\n\t\t\t\t\t\t<svg aria-hidden=\"true\" class=\"e-font-icon-svg e-fab-facebook\" viewBox=\"0 0 512 512\" xmlns=\"http:\/\/www.w3.org\/2000\/svg\"><path d=\"M504 256C504 119 393 8 256 8S8 119 8 256c0 123.78 90.69 226.38 209.25 245V327.69h-63V256h63v-54.64c0-62.15 37-96.48 93.67-96.48 27.14 0 55.52 4.84 55.52 4.84v61h-31.28c-30.8 0-40.41 19.12-40.41 38.73V256h68.78l-11 71.69h-57.78V501C413.31 482.38 504 379.78 504 256z\"><\/path><\/svg>\t\t\t\t\t<\/a>\n\t\t\t\t<\/span>\n\t\t\t\t\t\t\t<span class=\"elementor-grid-item\" role=\"listitem\">\n\t\t\t\t\t<a class=\"elementor-icon elementor-social-icon elementor-social-icon-tiktok elementor-animation-grow elementor-repeater-item-26c342b\" href=\"https:\/\/www.tiktok.com\/@starronix.elhamiz\" target=\"_blank\">\n\t\t\t\t\t\t<span class=\"elementor-screen-only\">Tiktok<\/span>\n\t\t\t\t\t\t<svg aria-hidden=\"true\" class=\"e-font-icon-svg e-fab-tiktok\" viewBox=\"0 0 448 512\" xmlns=\"http:\/\/www.w3.org\/2000\/svg\"><path d=\"M448,209.91a210.06,210.06,0,0,1-122.77-39.25V349.38A162.55,162.55,0,1,1,185,188.31V278.2a74.62,74.62,0,1,0,52.23,71.18V0l88,0a121.18,121.18,0,0,0,1.86,22.17h0A122.18,122.18,0,0,0,381,102.39a121.43,121.43,0,0,0,67,20.14Z\"><\/path><\/svg>\t\t\t\t\t<\/a>\n\t\t\t\t<\/span>\n\t\t\t\t\t<\/div>\n\t\t\t\t\t\t<\/div>\n\t\t\t\t<\/div>\n\t\t\t\t<\/div>\n\t\t<div class=\"elementor-element elementor-element-425acde e-con-full e-flex wpr-particle-no wpr-jarallax-no wpr-parallax-no wpr-sticky-section-no wpr-equal-height-no e-con e-child\" data-id=\"425acde\" data-element_type=\"container\" data-e-type=\"container\">\n\t\t\t\t<div class=\"elementor-element elementor-element-d4e1735 elementor-widget-tablet__width-initial elementor-widget elementor-widget-text-editor\" data-id=\"d4e1735\" data-element_type=\"widget\" data-e-type=\"widget\" data-widget_type=\"text-editor.default\">\n\t\t\t\t<div class=\"elementor-widget-container\">\n\t\t\t\t\t\t\t\t\t<p>ecochauffe2024@gmail.com | 0557 69 45 87 | 0774 41 77 87<\/p>\t\t\t\t\t\t\t\t<\/div>\n\t\t\t\t<\/div>\n\t\t\t\t<div class=\"elementor-element elementor-element-fbad8df elementor-widget-tablet__width-initial elementor-widget elementor-widget-text-editor\" data-id=\"fbad8df\" data-element_type=\"widget\" data-e-type=\"widget\" data-widget_type=\"text-editor.default\">\n\t\t\t\t<div class=\"elementor-widget-container\">\n\t\t\t\t\t\t\t\t\t<p>entre la banque BNA et la Gendarmerie de el hamiz<\/p>\t\t\t\t\t\t\t\t<\/div>\n\t\t\t\t<\/div>\n\t\t\t\t<\/div>\n\t\t\t\t<\/div>\n\t\t<div class=\"elementor-element elementor-element-6f83111 e-con-full e-flex wpr-particle-no wpr-jarallax-no wpr-parallax-no wpr-sticky-section-no wpr-equal-height-no e-con e-child\" data-id=\"6f83111\" data-element_type=\"container\" data-e-type=\"container\">\n\t\t\t\t<div class=\"elementor-element elementor-element-84416b5 elementor-widget elementor-widget-heading\" data-id=\"84416b5\" data-element_type=\"widget\" data-e-type=\"widget\" data-widget_type=\"heading.default\">\n\t\t\t\t<div class=\"elementor-widget-container\">\n\t\t\t\t\t<h2 class=\"elementor-heading-title elementor-size-default\">\u00a9 ECO CHAUFFE 2025<\/h2>\t\t\t\t<\/div>\n\t\t\t\t<\/div>\n\t\t\t\t<\/div>\n\t\t\t\t<\/div>\n\t\t\t\t<\/div>\n\t\t\t\t<\/div>\n\t\t","protected":false},"excerpt":{"rendered":"<p>BIENVENUE CHEZ ECO CHAUFFE Une marque leader dans le domaine des solutions compl\u00e8tes de chauffage et l&rsquo;activit\u00e9 de distribution d&rsquo;\u00e9quipements thermiques. Carri\u00e8re de eco chauffe Nos produits Eco chauffe sur votre march\u00e9 Facebook Tiktok ecochauffe2024@gmail.com | 0557 69 45 87 | 0774 41 77 87 entre la banque BNA et la Gendarmerie de el hamiz \u00a9 ECO CHAUFFE 2025<\/p>","protected":false},"author":1,"featured_media":0,"parent":0,"menu_order":0,"comment_status":"closed","ping_status":"closed","template":"elementor_canvas","meta":{"footnotes":""},"class_list":["post-53","page","type-page","status-publish","hentry","entry","owp-thumbs-layout-horizontal","owp-btn-normal","owp-tabs-layout-horizontal","has-no-thumbnails"],"yoast_head":"<!-- This site is optimized with the Yoast SEO plugin v27.4 - https:\/\/yoast.com\/product\/yoast-seo-wordpress\/ -->\n<title>Eco Chauffe<\/title>\n<meta name=\"description\" content=\"Eco Chauffe Une marque leader dans le domaine des solutions compl\u00e8tes de chauffage et l&#039;activit\u00e9 de distribution d&#039;\u00e9quipements thermiques.\" \/>\n<meta name=\"robots\" content=\"index, follow, max-snippet:-1, max-image-preview:large, max-video-preview:-1\" \/>\n<link rel=\"canonical\" href=\"https:\/\/eco-chauffe.com\/ar\/\" \/>\n<meta property=\"og:locale\" content=\"ar_AR\" \/>\n<meta property=\"og:type\" content=\"article\" \/>\n<meta property=\"og:title\" content=\"Eco Chauffe\" \/>\n<meta property=\"og:description\" content=\"Eco Chauffe Une marque leader dans le domaine des solutions compl\u00e8tes de chauffage et l&#039;activit\u00e9 de distribution d&#039;\u00e9quipements thermiques.\" \/>\n<meta property=\"og:url\" content=\"https:\/\/eco-chauffe.com\/ar\/\" \/>\n<meta property=\"og:site_name\" content=\"Eco Chauffe\" \/>\n<meta property=\"article:publisher\" content=\"https:\/\/www.facebook.com\/share\/1EoEnw122b\" \/>\n<meta property=\"article:modified_time\" content=\"2025-10-19T15:06:35+00:00\" \/>\n<meta property=\"og:image\" content=\"https:\/\/eco-chauffe.com\/wp-content\/uploads\/2025\/10\/logo-white.png\" \/>\n<meta name=\"twitter:card\" content=\"summary_large_image\" \/>\n<meta name=\"twitter:label1\" content=\"\u0648\u0642\u062a \u0627\u0644\u0642\u0631\u0627\u0621\u0629 \u0627\u0644\u0645\u064f\u0642\u062f\u0651\u0631\" \/>\n\t<meta name=\"twitter:data1\" content=\"\u062f\u0642\u064a\u0642\u0629 \u0648\u0627\u062d\u062f\u0629\" \/>\n<script type=\"application\/ld+json\" class=\"yoast-schema-graph\">{\"@context\":\"https:\\\/\\\/schema.org\",\"@graph\":[{\"@type\":\"WebPage\",\"@id\":\"https:\\\/\\\/eco-chauffe.com\\\/\",\"url\":\"https:\\\/\\\/eco-chauffe.com\\\/\",\"name\":\"Eco Chauffe\",\"isPartOf\":{\"@id\":\"https:\\\/\\\/eco-chauffe.com\\\/ar\\\/#website\"},\"primaryImageOfPage\":{\"@id\":\"https:\\\/\\\/eco-chauffe.com\\\/#primaryimage\"},\"image\":{\"@id\":\"https:\\\/\\\/eco-chauffe.com\\\/#primaryimage\"},\"thumbnailUrl\":\"https:\\\/\\\/eco-chauffe.com\\\/wp-content\\\/uploads\\\/2025\\\/10\\\/logo-white.png\",\"datePublished\":\"2025-04-21T12:49:55+00:00\",\"dateModified\":\"2025-10-19T15:06:35+00:00\",\"description\":\"Eco Chauffe Une marque leader dans le domaine des solutions compl\u00e8tes de chauffage et l'activit\u00e9 de distribution d'\u00e9quipements thermiques.\",\"breadcrumb\":{\"@id\":\"https:\\\/\\\/eco-chauffe.com\\\/#breadcrumb\"},\"inLanguage\":\"ar\",\"potentialAction\":[{\"@type\":\"ReadAction\",\"target\":[\"https:\\\/\\\/eco-chauffe.com\\\/\"]}]},{\"@type\":\"ImageObject\",\"inLanguage\":\"ar\",\"@id\":\"https:\\\/\\\/eco-chauffe.com\\\/#primaryimage\",\"url\":\"https:\\\/\\\/eco-chauffe.com\\\/wp-content\\\/uploads\\\/2025\\\/10\\\/logo-white.png\",\"contentUrl\":\"https:\\\/\\\/eco-chauffe.com\\\/wp-content\\\/uploads\\\/2025\\\/10\\\/logo-white.png\"},{\"@type\":\"BreadcrumbList\",\"@id\":\"https:\\\/\\\/eco-chauffe.com\\\/#breadcrumb\",\"itemListElement\":[{\"@type\":\"ListItem\",\"position\":1,\"name\":\"Home\",\"item\":\"https:\\\/\\\/eco-chauffe.com\\\/\"},{\"@type\":\"ListItem\",\"position\":2,\"name\":\"Accueil\"}]},{\"@type\":\"WebSite\",\"@id\":\"https:\\\/\\\/eco-chauffe.com\\\/ar\\\/#website\",\"url\":\"https:\\\/\\\/eco-chauffe.com\\\/ar\\\/\",\"name\":\"Eco Chauffe\",\"description\":\"\",\"publisher\":{\"@id\":\"https:\\\/\\\/eco-chauffe.com\\\/ar\\\/#organization\"},\"potentialAction\":[{\"@type\":\"SearchAction\",\"target\":{\"@type\":\"EntryPoint\",\"urlTemplate\":\"https:\\\/\\\/eco-chauffe.com\\\/ar\\\/?s={search_term_string}\"},\"query-input\":{\"@type\":\"PropertyValueSpecification\",\"valueRequired\":true,\"valueName\":\"search_term_string\"}}],\"inLanguage\":\"ar\"},{\"@type\":\"Organization\",\"@id\":\"https:\\\/\\\/eco-chauffe.com\\\/ar\\\/#organization\",\"name\":\"Eco Chauffe\",\"url\":\"https:\\\/\\\/eco-chauffe.com\\\/ar\\\/\",\"logo\":{\"@type\":\"ImageObject\",\"inLanguage\":\"ar\",\"@id\":\"https:\\\/\\\/eco-chauffe.com\\\/ar\\\/#\\\/schema\\\/logo\\\/image\\\/\",\"url\":\"https:\\\/\\\/eco-chauffe.com\\\/wp-content\\\/uploads\\\/2025\\\/10\\\/Logo-eco-chauffe-scaled.jpg\",\"contentUrl\":\"https:\\\/\\\/eco-chauffe.com\\\/wp-content\\\/uploads\\\/2025\\\/10\\\/Logo-eco-chauffe-scaled.jpg\",\"width\":2560,\"height\":2560,\"caption\":\"Eco Chauffe\"},\"image\":{\"@id\":\"https:\\\/\\\/eco-chauffe.com\\\/ar\\\/#\\\/schema\\\/logo\\\/image\\\/\"},\"sameAs\":[\"https:\\\/\\\/www.facebook.com\\\/share\\\/1EoEnw122b\"]}]}<\/script>\n<!-- \/ Yoast SEO plugin. -->","yoast_head_json":{"title":"Eco Chauffe","description":"Eco Chauffe Une marque leader dans le domaine des solutions compl\u00e8tes de chauffage et l'activit\u00e9 de distribution d'\u00e9quipements thermiques.","robots":{"index":"index","follow":"follow","max-snippet":"max-snippet:-1","max-image-preview":"max-image-preview:large","max-video-preview":"max-video-preview:-1"},"canonical":"https:\/\/eco-chauffe.com\/ar\/","og_locale":"ar_AR","og_type":"article","og_title":"Eco Chauffe","og_description":"Eco Chauffe Une marque leader dans le domaine des solutions compl\u00e8tes de chauffage et l'activit\u00e9 de distribution d'\u00e9quipements thermiques.","og_url":"https:\/\/eco-chauffe.com\/ar\/","og_site_name":"Eco Chauffe","article_publisher":"https:\/\/www.facebook.com\/share\/1EoEnw122b","article_modified_time":"2025-10-19T15:06:35+00:00","og_image":[{"url":"https:\/\/eco-chauffe.com\/wp-content\/uploads\/2025\/10\/logo-white.png","type":"","width":"","height":""}],"twitter_card":"summary_large_image","twitter_misc":{"\u0648\u0642\u062a \u0627\u0644\u0642\u0631\u0627\u0621\u0629 \u0627\u0644\u0645\u064f\u0642\u062f\u0651\u0631":"\u062f\u0642\u064a\u0642\u0629 \u0648\u0627\u062d\u062f\u0629"},"schema":{"@context":"https:\/\/schema.org","@graph":[{"@type":"WebPage","@id":"https:\/\/eco-chauffe.com\/","url":"https:\/\/eco-chauffe.com\/","name":"Eco Chauffe","isPartOf":{"@id":"https:\/\/eco-chauffe.com\/ar\/#website"},"primaryImageOfPage":{"@id":"https:\/\/eco-chauffe.com\/#primaryimage"},"image":{"@id":"https:\/\/eco-chauffe.com\/#primaryimage"},"thumbnailUrl":"https:\/\/eco-chauffe.com\/wp-content\/uploads\/2025\/10\/logo-white.png","datePublished":"2025-04-21T12:49:55+00:00","dateModified":"2025-10-19T15:06:35+00:00","description":"Eco Chauffe Une marque leader dans le domaine des solutions compl\u00e8tes de chauffage et l'activit\u00e9 de distribution d'\u00e9quipements thermiques.","breadcrumb":{"@id":"https:\/\/eco-chauffe.com\/#breadcrumb"},"inLanguage":"ar","potentialAction":[{"@type":"ReadAction","target":["https:\/\/eco-chauffe.com\/"]}]},{"@type":"ImageObject","inLanguage":"ar","@id":"https:\/\/eco-chauffe.com\/#primaryimage","url":"https:\/\/eco-chauffe.com\/wp-content\/uploads\/2025\/10\/logo-white.png","contentUrl":"https:\/\/eco-chauffe.com\/wp-content\/uploads\/2025\/10\/logo-white.png"},{"@type":"BreadcrumbList","@id":"https:\/\/eco-chauffe.com\/#breadcrumb","itemListElement":[{"@type":"ListItem","position":1,"name":"Home","item":"https:\/\/eco-chauffe.com\/"},{"@type":"ListItem","position":2,"name":"Accueil"}]},{"@type":"WebSite","@id":"https:\/\/eco-chauffe.com\/ar\/#website","url":"https:\/\/eco-chauffe.com\/ar\/","name":"Eco Chauffe","description":"","publisher":{"@id":"https:\/\/eco-chauffe.com\/ar\/#organization"},"potentialAction":[{"@type":"SearchAction","target":{"@type":"EntryPoint","urlTemplate":"https:\/\/eco-chauffe.com\/ar\/?s={search_term_string}"},"query-input":{"@type":"PropertyValueSpecification","valueRequired":true,"valueName":"search_term_string"}}],"inLanguage":"ar"},{"@type":"Organization","@id":"https:\/\/eco-chauffe.com\/ar\/#organization","name":"Eco Chauffe","url":"https:\/\/eco-chauffe.com\/ar\/","logo":{"@type":"ImageObject","inLanguage":"ar","@id":"https:\/\/eco-chauffe.com\/ar\/#\/schema\/logo\/image\/","url":"https:\/\/eco-chauffe.com\/wp-content\/uploads\/2025\/10\/Logo-eco-chauffe-scaled.jpg","contentUrl":"https:\/\/eco-chauffe.com\/wp-content\/uploads\/2025\/10\/Logo-eco-chauffe-scaled.jpg","width":2560,"height":2560,"caption":"Eco Chauffe"},"image":{"@id":"https:\/\/eco-chauffe.com\/ar\/#\/schema\/logo\/image\/"},"sameAs":["https:\/\/www.facebook.com\/share\/1EoEnw122b"]}]}},"_links":{"self":[{"href":"https:\/\/eco-chauffe.com\/ar\/wp-json\/wp\/v2\/pages\/53","targetHints":{"allow":["GET"]}}],"collection":[{"href":"https:\/\/eco-chauffe.com\/ar\/wp-json\/wp\/v2\/pages"}],"about":[{"href":"https:\/\/eco-chauffe.com\/ar\/wp-json\/wp\/v2\/types\/page"}],"author":[{"embeddable":true,"href":"https:\/\/eco-chauffe.com\/ar\/wp-json\/wp\/v2\/users\/1"}],"replies":[{"embeddable":true,"href":"https:\/\/eco-chauffe.com\/ar\/wp-json\/wp\/v2\/comments?post=53"}],"version-history":[{"count":431,"href":"https:\/\/eco-chauffe.com\/ar\/wp-json\/wp\/v2\/pages\/53\/revisions"}],"predecessor-version":[{"id":1384,"href":"https:\/\/eco-chauffe.com\/ar\/wp-json\/wp\/v2\/pages\/53\/revisions\/1384"}],"wp:attachment":[{"href":"https:\/\/eco-chauffe.com\/ar\/wp-json\/wp\/v2\/media?parent=53"}],"curies":[{"name":"wp","href":"https:\/\/api.w.org\/{rel}","templated":true}]}}